{"id":154,"date":"2014-06-29T13:07:45","date_gmt":"2014-06-29T13:07:45","guid":{"rendered":"http:\/\/demo.themegrill.com\/accelerate\/?page_id=154"},"modified":"2025-01-08T12:32:34","modified_gmt":"2025-01-08T15:32:34","slug":"bem-vindo-a-pagina-de-contato-do-sindifeira-df","status":"publish","type":"page","link":"https:\/\/sindifeira.org.br\/index.php\/bem-vindo-a-pagina-de-contato-do-sindifeira-df\/","title":{"rendered":"Contato"},"content":{"rendered":"<p>Bem vindo \u00e0 p\u00e1gina de contato do Sindicato dos Feirantes do Distrito Federal!<\/p>\n<p>Aqui voc\u00ea encontrar\u00e1 os principais canais de comunica\u00e7\u00e3o, encontre e use o mais adequado \u00e0 sua necessidade.<\/p>\n<p><strong>Correspond\u00eancia\u00a0<\/strong>: SindiFeira-DF,\u00a0 SGAN Qd 712\/912 Conjunto E, T\u00e9rreo, Parte \u201cI\u201d, Asa Norte, Brasil\u00eda &#8211; | CEP:70.790-125<\/p>\n<p><strong>E-mail<\/strong>:\u00a0<a href=\"mailto:contato@sindifeira.org.br\" target=\"_blank\" rel=\"noreferrer noopener\">contato@sindifeira.org.br<\/a><\/p>\n<p><strong>Whatsapp<\/strong>:\u00a0<a href=\"https:\/\/api.whatsapp.com\/send?phone=5561991387437&amp;text=*Contato%20via%20site*%20Ol%C3%A1%2C\" rel=\"nofollow noopener\" target=\"_blank\">(61)9.9138-7437<\/a><\/p>\n<p><strong>Whatsapp<\/strong>:\u00a0<a href=\"https:\/\/api.whatsapp.com\/send?phone=5561981978029&amp;text=*Contato%20via%20site*%20Ol%C3%A1%2C\" rel=\"nofollow noopener\" target=\"_blank\">(61)9.81978029<\/a><\/p>\n<p><strong>Telefone<\/strong>:<a href=\"tel:+5561981896500\">\u00a0(61)9.8189-6500<\/a><\/p>\n<p><strong>Instagram<\/strong>:\u00a0<a href=\"https:\/\/www.instagram.com\/sindifeira.bsb\" target=\"_blank\" rel=\"noreferrer noopener nofollow\">@<\/a><a href=\"https:\/\/www.instagram.com\/sindifeira.bsb\" rel=\"nofollow noopener\" target=\"_blank\">sindifeira.bsb<\/a><\/p>\n<p>Voc\u00ea tamb\u00e9m poder\u00e1 usar o formul\u00e1rio abaixo para enviar uma mensagem direta atrav\u00e9s do site.<\/p>\n<p>[wpforms id=&#8221;497&#8243;]<\/p>\n","protected":false},"excerpt":{"rendered":"<p>Bem vindo \u00e0 p\u00e1gina de contato do Sindicato dos Feirantes do Distrito Federal! Aqui voc\u00ea encontrar\u00e1 os principais canais de comunica\u00e7\u00e3o, encontre e use o mais adequado \u00e0 sua necessidade. Correspond\u00eancia\u00a0: SindiFeira-DF,\u00a0 SGAN Qd 712\/912 Conjunto E, T\u00e9rreo, Parte \u201cI\u201d,<\/p>\n","protected":false},"author":1,"featured_media":0,"parent":0,"menu_order":0,"comment_status":"closed","ping_status":"closed","template":"","meta":{"advgb_blocks_editor_width":"","advgb_blocks_columns_visual_guide":"","footnotes":""},"class_list":["post-154","page","type-page","status-publish","hentry"],"coauthors":[],"author_meta":{"author_link":"https:\/\/sindifeira.org.br\/author\/orlandopassos\/","display_name":"OrlandoPassos"},"relative_dates":{"created":"Publicado 12 anos atr\u00e1s","modified":"Atualizado 1 ano atr\u00e1s"},"absolute_dates":{"created":"Publicado em 29 de junho de 2014","modified":"Atualizado em 8 de janeiro de 2025"},"absolute_dates_time":{"created":"Publicado em 29 de junho de 2014 13:07","modified":"Atualizado em 8 de janeiro de 2025 12:32"},"featured_img_caption":"","featured_img":false,"series_order":"","_links":{"self":[{"href":"https:\/\/sindifeira.org.br\/index.php\/wp-json\/wp\/v2\/pages\/154","targetHints":{"allow":["GET"]}}],"collection":[{"href":"https:\/\/sindifeira.org.br\/index.php\/wp-json\/wp\/v2\/pages"}],"about":[{"href":"https:\/\/sindifeira.org.br\/index.php\/wp-json\/wp\/v2\/types\/page"}],"author":[{"embeddable":true,"href":"https:\/\/sindifeira.org.br\/index.php\/wp-json\/wp\/v2\/users\/1"}],"replies":[{"embeddable":true,"href":"https:\/\/sindifeira.org.br\/index.php\/wp-json\/wp\/v2\/comments?post=154"}],"version-history":[{"count":17,"href":"https:\/\/sindifeira.org.br\/index.php\/wp-json\/wp\/v2\/pages\/154\/revisions"}],"predecessor-version":[{"id":2263,"href":"https:\/\/sindifeira.org.br\/index.php\/wp-json\/wp\/v2\/pages\/154\/revisions\/2263"}],"wp:attachment":[{"href":"https:\/\/sindifeira.org.br\/index.php\/wp-json\/wp\/v2\/media?parent=154"}],"curies":[{"name":"wp","href":"https:\/\/api.w.org\/{rel}","templated":true}]}}